{"id":60,"date":"2022-02-11T14:42:22","date_gmt":"2022-02-11T14:42:22","guid":{"rendered":"https:\/\/kaava.hu\/?page_id=60"},"modified":"2024-05-27T06:57:28","modified_gmt":"2024-05-27T06:57:28","slug":"dijak","status":"publish","type":"page","link":"https:\/\/kaava.hu\/en\/dijak\/","title":{"rendered":"Awards"},"content":{"rendered":"<div data-elementor-type=\"wp-page\" data-elementor-id=\"60\" class=\"elementor elementor-60\" data-elementor-post-type=\"page\">\n\t\t\t\t\t\t<section class=\"elementor-section elementor-top-section elementor-element elementor-element-43ca819 elementor-section-boxed elementor-section-height-default elementor-section-height-default\" data-id=\"43ca819\" data-element_type=\"section\" data-e-type=\"section\">\n\t\t\t\t\t\t<div class=\"elementor-container elementor-column-gap-default\">\n\t\t\t\t\t<div class=\"elementor-column elementor-col-50 elementor-top-column elementor-element elementor-element-ffada33\" data-id=\"ffada33\" data-element_type=\"column\" data-e-type=\"column\">\n\t\t\t<div class=\"elementor-widget-wrap elementor-element-populated\">\n\t\t\t\t\t\t<div class=\"elementor-element elementor-element-a02afb6 elementor-widget elementor-widget-image\" data-id=\"a02afb6\" data-element_type=\"widget\" data-e-type=\"widget\" data-widget_type=\"image.default\">\n\t\t\t\t<div class=\"elementor-widget-container\">\n\t\t\t\t\t\t\t\t\t\t\t\t\t\t\t<img fetchpriority=\"high\" decoding=\"async\" width=\"713\" height=\"1024\" src=\"https:\/\/kaava.hu\/wp-content\/uploads\/2022\/03\/epitoipari_nivodij_kerepesi_rendelo_2019_k-713x1024.jpg\" class=\"attachment-large size-large wp-image-1427\" alt=\"\" srcset=\"\" sizes=\"(max-width: 713px) 100vw, 713px\" data-srcset=\"\" \/>\t\t\t\t\t\t\t\t\t\t\t\t\t\t\t<\/div>\n\t\t\t\t<\/div>\n\t\t\t\t<div class=\"elementor-element elementor-element-d291c22 elementor-widget elementor-widget-text-editor\" data-id=\"d291c22\" data-element_type=\"widget\" data-e-type=\"widget\" data-widget_type=\"text-editor.default\">\n\t\t\t\t<div class=\"elementor-widget-container\">\n\t\t\t\t\t\t\t\t\t<p><strong>Construction Exellence Award\u00a0<\/strong><\/p><p><strong>Certificate of recognition<\/strong><\/p><p>\u00a0<\/p><p><strong>2022<\/strong><\/p>\t\t\t\t\t\t\t\t<\/div>\n\t\t\t\t<\/div>\n\t\t\t\t<div class=\"elementor-element elementor-element-ea97d27 elementor-widget elementor-widget-heading\" data-id=\"ea97d27\" data-element_type=\"widget\" data-e-type=\"widget\" data-widget_type=\"heading.default\">\n\t\t\t\t<div class=\"elementor-widget-container\">\n\t\t\t\t\t<h2 class=\"elementor-heading-title elementor-size-default\"><a href=\"https:\/\/kaava.hu\/en\/tengerszem-rendelo\/\">TENGERSZEM CLINIC<\/a><\/h2>\t\t\t\t<\/div>\n\t\t\t\t<\/div>\n\t\t\t\t<div class=\"elementor-element elementor-element-81217c2 elementor-widget elementor-widget-spacer\" data-id=\"81217c2\" data-element_type=\"widget\" data-e-type=\"widget\" data-widget_type=\"spacer.default\">\n\t\t\t\t<div class=\"elementor-widget-container\">\n\t\t\t\t\t\t\t<div class=\"elementor-spacer\">\n\t\t\t<div class=\"elementor-spacer-inner\"><\/div>\n\t\t<\/div>\n\t\t\t\t\t\t<\/div>\n\t\t\t\t<\/div>\n\t\t\t\t<div class=\"elementor-element elementor-element-6f2ec56 elementor-widget elementor-widget-image\" data-id=\"6f2ec56\" data-element_type=\"widget\" data-e-type=\"widget\" data-widget_type=\"image.default\">\n\t\t\t\t<div class=\"elementor-widget-container\">\n\t\t\t\t\t\t\t\t\t\t\t\t\t\t\t<img decoding=\"async\" width=\"1024\" height=\"768\" src=\"https:\/\/kaava.hu\/wp-content\/uploads\/2022\/03\/wienerberger_dij_2020_ferences_gimnazium_k-1024x768.jpg\" class=\"attachment-large size-large wp-image-1430\" alt=\"\" srcset=\"https:\/\/kaava.hu\/wp-content\/uploads\/2022\/03\/wienerberger_dij_2020_ferences_gimnazium_k-1024x768.jpg 1024w, https:\/\/kaava.hu\/wp-content\/uploads\/2022\/03\/wienerberger_dij_2020_ferences_gimnazium_k-300x225.jpg 300w, https:\/\/kaava.hu\/wp-content\/uploads\/2022\/03\/wienerberger_dij_2020_ferences_gimnazium_k-768x576.jpg 768w, https:\/\/kaava.hu\/wp-content\/uploads\/2022\/03\/wienerberger_dij_2020_ferences_gimnazium_k-1536x1152.jpg 1536w, https:\/\/kaava.hu\/wp-content\/uploads\/2022\/03\/wienerberger_dij_2020_ferences_gimnazium_k-2048x1536.jpg 2048w\" sizes=\"(max-width: 1024px) 100vw, 1024px\" \/>\t\t\t\t\t\t\t\t\t\t\t\t\t\t\t<\/div>\n\t\t\t\t<\/div>\n\t\t\t\t<div class=\"elementor-element elementor-element-b638549 elementor-widget elementor-widget-text-editor\" data-id=\"b638549\" data-element_type=\"widget\" data-e-type=\"widget\" data-widget_type=\"text-editor.default\">\n\t\t\t\t<div class=\"elementor-widget-container\">\n\t\t\t\t\t\t\t\t\t<p><strong>Wienerberger Architectural Award -<\/strong><\/p><p><strong>Reconstruction category 1st prize<\/strong><\/p><p>\u00a0<\/p><p><strong>2020<\/strong><\/p>\t\t\t\t\t\t\t\t<\/div>\n\t\t\t\t<\/div>\n\t\t\t\t<div class=\"elementor-element elementor-element-1d7c428 elementor-widget elementor-widget-heading\" data-id=\"1d7c428\" data-element_type=\"widget\" data-e-type=\"widget\" data-widget_type=\"heading.default\">\n\t\t\t\t<div class=\"elementor-widget-container\">\n\t\t\t\t\t<h2 class=\"elementor-heading-title elementor-size-default\"><a href=\"https:\/\/kaava.hu\/en\/ferences-gimnazium\/\">FRANCISCAN HIGH SCHOOL, SZENTENDRE<\/a><\/h2>\t\t\t\t<\/div>\n\t\t\t\t<\/div>\n\t\t\t\t<div class=\"elementor-element elementor-element-103a4b4 elementor-widget elementor-widget-spacer\" data-id=\"103a4b4\" data-element_type=\"widget\" data-e-type=\"widget\" data-widget_type=\"spacer.default\">\n\t\t\t\t<div class=\"elementor-widget-container\">\n\t\t\t\t\t\t\t<div class=\"elementor-spacer\">\n\t\t\t<div class=\"elementor-spacer-inner\"><\/div>\n\t\t<\/div>\n\t\t\t\t\t\t<\/div>\n\t\t\t\t<\/div>\n\t\t\t\t<div class=\"elementor-element elementor-element-f7bf974 elementor-widget elementor-widget-image\" data-id=\"f7bf974\" data-element_type=\"widget\" data-e-type=\"widget\" data-widget_type=\"image.default\">\n\t\t\t\t<div class=\"elementor-widget-container\">\n\t\t\t\t\t\t\t\t\t\t\t\t\t\t\t<img decoding=\"async\" width=\"738\" height=\"1024\" src=\"https:\/\/kaava.hu\/wp-content\/uploads\/2022\/03\/epitesz_nivodij_kerepesi_rendelo_2018_k-738x1024.jpg\" class=\"attachment-large size-large wp-image-1425\" alt=\"\" srcset=\"\" sizes=\"(max-width: 738px) 100vw, 738px\" data-srcset=\"\" \/>\t\t\t\t\t\t\t\t\t\t\t\t\t\t\t<\/div>\n\t\t\t\t<\/div>\n\t\t\t\t<div class=\"elementor-element elementor-element-6cbd3ad elementor-widget elementor-widget-text-editor\" data-id=\"6cbd3ad\" data-element_type=\"widget\" data-e-type=\"widget\" data-widget_type=\"text-editor.default\">\n\t\t\t\t<div class=\"elementor-widget-container\">\n\t\t\t\t\t\t\t\t\t<p><b>Budapest Architecture Award<\/b><\/p><p><strong>High Praised<\/strong><\/p><p>\u00a0<\/p><p><strong>2018<\/strong><\/p>\t\t\t\t\t\t\t\t<\/div>\n\t\t\t\t<\/div>\n\t\t\t\t<div class=\"elementor-element elementor-element-ffde32b elementor-widget elementor-widget-heading\" data-id=\"ffde32b\" data-element_type=\"widget\" data-e-type=\"widget\" data-widget_type=\"heading.default\">\n\t\t\t\t<div class=\"elementor-widget-container\">\n\t\t\t\t\t<h2 class=\"elementor-heading-title elementor-size-default\"><a href=\"https:\/\/kaava.hu\/en\/kerepesi-rendelo\/\">KEREPESI CLINIC<\/a><\/h2>\t\t\t\t<\/div>\n\t\t\t\t<\/div>\n\t\t\t\t<div class=\"elementor-element elementor-element-7cb51d0 elementor-widget elementor-widget-spacer\" data-id=\"7cb51d0\" data-element_type=\"widget\" data-e-type=\"widget\" data-widget_type=\"spacer.default\">\n\t\t\t\t<div class=\"elementor-widget-container\">\n\t\t\t\t\t\t\t<div class=\"elementor-spacer\">\n\t\t\t<div class=\"elementor-spacer-inner\"><\/div>\n\t\t<\/div>\n\t\t\t\t\t\t<\/div>\n\t\t\t\t<\/div>\n\t\t\t\t<div class=\"elementor-element elementor-element-4377785 elementor-widget elementor-widget-image\" data-id=\"4377785\" data-element_type=\"widget\" data-e-type=\"widget\" data-widget_type=\"image.default\">\n\t\t\t\t<div class=\"elementor-widget-container\">\n\t\t\t\t\t\t\t\t\t\t\t\t\t\t\t<img decoding=\"async\" width=\"738\" height=\"1024\" src=\"https:\/\/kaava.hu\/wp-content\/uploads\/2022\/03\/epitesz_nivodij_kerepesi_rendelo_2018_k-738x1024.jpg\" class=\"attachment-large size-large wp-image-1425\" alt=\"\" srcset=\"\" sizes=\"(max-width: 738px) 100vw, 738px\" data-srcset=\"\" \/>\t\t\t\t\t\t\t\t\t\t\t\t\t\t\t<\/div>\n\t\t\t\t<\/div>\n\t\t\t\t<div class=\"elementor-element elementor-element-d954ccd elementor-widget elementor-widget-text-editor\" data-id=\"d954ccd\" data-element_type=\"widget\" data-e-type=\"widget\" data-widget_type=\"text-editor.default\">\n\t\t\t\t<div class=\"elementor-widget-container\">\n\t\t\t\t\t\t\t\t\t<p><b>Budapest Architecture Award<\/b><\/p><p><strong>Nominated<\/strong><\/p><p>\u00a0<\/p><p><strong>2015<\/strong><\/p>\t\t\t\t\t\t\t\t<\/div>\n\t\t\t\t<\/div>\n\t\t\t\t<div class=\"elementor-element elementor-element-dba368b elementor-widget elementor-widget-heading\" data-id=\"dba368b\" data-element_type=\"widget\" data-e-type=\"widget\" data-widget_type=\"heading.default\">\n\t\t\t\t<div class=\"elementor-widget-container\">\n\t\t\t\t\t<h2 class=\"elementor-heading-title elementor-size-default\"><a href=\"https:\/\/kaava.hu\/en\/budapesti-piarista-kozpont\/\">PIARIST CENTRE BUDAPEST<\/a><\/h2>\t\t\t\t<\/div>\n\t\t\t\t<\/div>\n\t\t\t\t<div class=\"elementor-element elementor-element-a76ff5d elementor-widget elementor-widget-image\" data-id=\"a76ff5d\" data-element_type=\"widget\" data-e-type=\"widget\" data-widget_type=\"image.default\">\n\t\t\t\t<div class=\"elementor-widget-container\">\n\t\t\t\t\t\t\t\t\t\t\t\t\t\t\t<img loading=\"lazy\" decoding=\"async\" width=\"699\" height=\"1024\" src=\"https:\/\/kaava.hu\/wp-content\/uploads\/2022\/03\/epitoipari_nivodij_bp_piar_2012_k-699x1024.jpg\" class=\"attachment-large size-large wp-image-1426\" alt=\"\" srcset=\"\" sizes=\"(max-width: 699px) 100vw, 699px\" data-srcset=\"\" \/>\t\t\t\t\t\t\t\t\t\t\t\t\t\t\t<\/div>\n\t\t\t\t<\/div>\n\t\t\t\t<div class=\"elementor-element elementor-element-220a789 elementor-widget elementor-widget-spacer\" data-id=\"220a789\" data-element_type=\"widget\" data-e-type=\"widget\" data-widget_type=\"spacer.default\">\n\t\t\t\t<div class=\"elementor-widget-container\">\n\t\t\t\t\t\t\t<div class=\"elementor-spacer\">\n\t\t\t<div class=\"elementor-spacer-inner\"><\/div>\n\t\t<\/div>\n\t\t\t\t\t\t<\/div>\n\t\t\t\t<\/div>\n\t\t\t\t<div class=\"elementor-element elementor-element-3611623 elementor-widget elementor-widget-text-editor\" data-id=\"3611623\" data-element_type=\"widget\" data-e-type=\"widget\" data-widget_type=\"text-editor.default\">\n\t\t\t\t<div class=\"elementor-widget-container\">\n\t\t\t\t\t\t\t\t\t<p><b>Construction Exellence Award<\/b><\/p><p>\u00a0<\/p><p><strong>2012<\/strong><\/p>\t\t\t\t\t\t\t\t<\/div>\n\t\t\t\t<\/div>\n\t\t\t\t<div class=\"elementor-element elementor-element-9df850b elementor-widget elementor-widget-heading\" data-id=\"9df850b\" data-element_type=\"widget\" data-e-type=\"widget\" data-widget_type=\"heading.default\">\n\t\t\t\t<div class=\"elementor-widget-container\">\n\t\t\t\t\t<h2 class=\"elementor-heading-title elementor-size-default\"><a href=\"https:\/\/kaava.hu\/en\/budapesti-piarista-kozpont\/\">PIARIST CENTRE BUDAPEST<\/a><\/h2>\t\t\t\t<\/div>\n\t\t\t\t<\/div>\n\t\t\t\t<div class=\"elementor-element elementor-element-c5ef57a elementor-widget elementor-widget-spacer\" data-id=\"c5ef57a\" data-element_type=\"widget\" data-e-type=\"widget\" data-widget_type=\"spacer.default\">\n\t\t\t\t<div class=\"elementor-widget-container\">\n\t\t\t\t\t\t\t<div class=\"elementor-spacer\">\n\t\t\t<div class=\"elementor-spacer-inner\"><\/div>\n\t\t<\/div>\n\t\t\t\t\t\t<\/div>\n\t\t\t\t<\/div>\n\t\t\t\t\t<\/div>\n\t\t<\/div>\n\t\t\t\t<div class=\"elementor-column elementor-col-50 elementor-top-column elementor-element elementor-element-88b9475\" data-id=\"88b9475\" data-element_type=\"column\" data-e-type=\"column\">\n\t\t\t<div class=\"elementor-widget-wrap elementor-element-populated\">\n\t\t\t\t\t\t<div class=\"elementor-element elementor-element-8459e7f elementor-widget elementor-widget-image\" data-id=\"8459e7f\" data-element_type=\"widget\" data-e-type=\"widget\" data-widget_type=\"image.default\">\n\t\t\t\t<div class=\"elementor-widget-container\">\n\t\t\t\t\t\t\t\t\t\t\t\t\t\t\t<img fetchpriority=\"high\" decoding=\"async\" width=\"713\" height=\"1024\" src=\"https:\/\/kaava.hu\/wp-content\/uploads\/2022\/03\/epitoipari_nivodij_kerepesi_rendelo_2019_k-713x1024.jpg\" class=\"attachment-large size-large wp-image-1427\" alt=\"\" srcset=\"\" sizes=\"(max-width: 713px) 100vw, 713px\" data-srcset=\"\" \/>\t\t\t\t\t\t\t\t\t\t\t\t\t\t\t<\/div>\n\t\t\t\t<\/div>\n\t\t\t\t<div class=\"elementor-element elementor-element-7802e5e elementor-widget elementor-widget-text-editor\" data-id=\"7802e5e\" data-element_type=\"widget\" data-e-type=\"widget\" data-widget_type=\"text-editor.default\">\n\t\t\t\t<div class=\"elementor-widget-container\">\n\t\t\t\t\t\t\t\t\t<p><strong>Construction Exellence Award <\/strong><\/p><p>\u00a0<\/p><p><strong>2019<\/strong><\/p>\t\t\t\t\t\t\t\t<\/div>\n\t\t\t\t<\/div>\n\t\t\t\t<div class=\"elementor-element elementor-element-bceda6e elementor-widget elementor-widget-heading\" data-id=\"bceda6e\" data-element_type=\"widget\" data-e-type=\"widget\" data-widget_type=\"heading.default\">\n\t\t\t\t<div class=\"elementor-widget-container\">\n\t\t\t\t\t<h2 class=\"elementor-heading-title elementor-size-default\"><a href=\"https:\/\/kaava.hu\/en\/kerepesi-rendelo\/\">KEREPESI CLINIC<\/a><\/h2>\t\t\t\t<\/div>\n\t\t\t\t<\/div>\n\t\t\t\t<div class=\"elementor-element elementor-element-98b27aa elementor-widget elementor-widget-spacer\" data-id=\"98b27aa\" data-element_type=\"widget\" data-e-type=\"widget\" data-widget_type=\"spacer.default\">\n\t\t\t\t<div class=\"elementor-widget-container\">\n\t\t\t\t\t\t\t<div class=\"elementor-spacer\">\n\t\t\t<div class=\"elementor-spacer-inner\"><\/div>\n\t\t<\/div>\n\t\t\t\t\t\t<\/div>\n\t\t\t\t<\/div>\n\t\t\t\t<div class=\"elementor-element elementor-element-ee1f267 elementor-widget elementor-widget-image\" data-id=\"ee1f267\" data-element_type=\"widget\" data-e-type=\"widget\" data-widget_type=\"image.default\">\n\t\t\t\t<div class=\"elementor-widget-container\">\n\t\t\t\t\t\t\t\t\t\t\t\t\t\t\t<img loading=\"lazy\" decoding=\"async\" width=\"768\" height=\"1024\" src=\"https:\/\/kaava.hu\/wp-content\/uploads\/2022\/03\/equiton_dij_kerepesi_rendelo_2016_k-768x1024.jpg\" class=\"attachment-large size-large wp-image-1428\" alt=\"\" srcset=\"\" sizes=\"(max-width: 768px) 100vw, 768px\" data-srcset=\"\" \/>\t\t\t\t\t\t\t\t\t\t\t\t\t\t\t<\/div>\n\t\t\t\t<\/div>\n\t\t\t\t<div class=\"elementor-element elementor-element-a6dd170 elementor-widget elementor-widget-text-editor\" data-id=\"a6dd170\" data-element_type=\"widget\" data-e-type=\"widget\" data-widget_type=\"text-editor.default\">\n\t\t\t\t<div class=\"elementor-widget-container\">\n\t\t\t\t\t\t\t\t\t<p><b>I.d\u00edj &#8211; &#8222;Az anyag term\u00e9szete&#8221;<\/b><\/p><p><strong>Equiton fibre cement facades <\/strong><\/p><p><strong>in architecture<\/strong><\/p><p>\u00a0<\/p><p><strong>2016<\/strong><\/p>\t\t\t\t\t\t\t\t<\/div>\n\t\t\t\t<\/div>\n\t\t\t\t<div class=\"elementor-element elementor-element-3965231 elementor-widget elementor-widget-heading\" data-id=\"3965231\" data-element_type=\"widget\" data-e-type=\"widget\" data-widget_type=\"heading.default\">\n\t\t\t\t<div class=\"elementor-widget-container\">\n\t\t\t\t\t<h2 class=\"elementor-heading-title elementor-size-default\"><a href=\"https:\/\/kaava.hu\/en\/kerepesi-rendelo\/\">KEREPESI CLINIC<\/a><\/h2>\t\t\t\t<\/div>\n\t\t\t\t<\/div>\n\t\t\t\t<div class=\"elementor-element elementor-element-d6a6fb0 elementor-widget elementor-widget-spacer\" data-id=\"d6a6fb0\" data-element_type=\"widget\" data-e-type=\"widget\" data-widget_type=\"spacer.default\">\n\t\t\t\t<div class=\"elementor-widget-container\">\n\t\t\t\t\t\t\t<div class=\"elementor-spacer\">\n\t\t\t<div class=\"elementor-spacer-inner\"><\/div>\n\t\t<\/div>\n\t\t\t\t\t\t<\/div>\n\t\t\t\t<\/div>\n\t\t\t\t<div class=\"elementor-element elementor-element-313412c elementor-widget elementor-widget-image\" data-id=\"313412c\" data-element_type=\"widget\" data-e-type=\"widget\" data-widget_type=\"image.default\">\n\t\t\t\t<div class=\"elementor-widget-container\">\n\t\t\t\t\t\t\t\t\t\t\t\t\t\t\t<img loading=\"lazy\" decoding=\"async\" width=\"768\" height=\"1024\" src=\"https:\/\/kaava.hu\/wp-content\/uploads\/2022\/03\/pro_arch_dij_bp_piar_kozpont_2013_k-768x1024.jpg\" class=\"attachment-large size-large wp-image-1429\" alt=\"\" srcset=\"\" sizes=\"(max-width: 768px) 100vw, 768px\" data-srcset=\"\" \/>\t\t\t\t\t\t\t\t\t\t\t\t\t\t\t<\/div>\n\t\t\t\t<\/div>\n\t\t\t\t<div class=\"elementor-element elementor-element-b302a90 elementor-widget elementor-widget-text-editor\" data-id=\"b302a90\" data-element_type=\"widget\" data-e-type=\"widget\" data-widget_type=\"text-editor.default\">\n\t\t\t\t<div class=\"elementor-widget-container\">\n\t\t\t\t\t\t\t\t\t<p><b>Pro Architectura Award<\/b><\/p><p>\u00a0<\/p><p><strong>2013<\/strong><\/p>\t\t\t\t\t\t\t\t<\/div>\n\t\t\t\t<\/div>\n\t\t\t\t<div class=\"elementor-element elementor-element-82d83ca elementor-widget elementor-widget-heading\" data-id=\"82d83ca\" data-element_type=\"widget\" data-e-type=\"widget\" data-widget_type=\"heading.default\">\n\t\t\t\t<div class=\"elementor-widget-container\">\n\t\t\t\t\t<h2 class=\"elementor-heading-title elementor-size-default\"><a href=\"https:\/\/kaava.hu\/en\/budapesti-piarista-kozpont\/\">PIARIST CENTRE BUDAPEST<\/a><\/h2>\t\t\t\t<\/div>\n\t\t\t\t<\/div>\n\t\t\t\t<div class=\"elementor-element elementor-element-ecab901 elementor-widget elementor-widget-spacer\" data-id=\"ecab901\" data-element_type=\"widget\" data-e-type=\"widget\" data-widget_type=\"spacer.default\">\n\t\t\t\t<div class=\"elementor-widget-container\">\n\t\t\t\t\t\t\t<div class=\"elementor-spacer\">\n\t\t\t<div class=\"elementor-spacer-inner\"><\/div>\n\t\t<\/div>\n\t\t\t\t\t\t<\/div>\n\t\t\t\t<\/div>\n\t\t\t\t<div class=\"elementor-element elementor-element-6b2d163 elementor-widget elementor-widget-image\" data-id=\"6b2d163\" data-element_type=\"widget\" data-e-type=\"widget\" data-widget_type=\"image.default\">\n\t\t\t\t<div class=\"elementor-widget-container\">\n\t\t\t\t\t\t\t\t\t\t\t\t\t\t\t<img loading=\"lazy\" decoding=\"async\" width=\"853\" height=\"1024\" src=\"https:\/\/kaava.hu\/wp-content\/uploads\/2022\/03\/philippe_rotthier_dij_bp_piar_2011-853x1024.jpg\" class=\"attachment-large size-large wp-image-1446\" alt=\"\" srcset=\"\" sizes=\"(max-width: 853px) 100vw, 853px\" data-srcset=\"\" \/>\t\t\t\t\t\t\t\t\t\t\t\t\t\t\t<\/div>\n\t\t\t\t<\/div>\n\t\t\t\t<div class=\"elementor-element elementor-element-27e7ed4 elementor-widget elementor-widget-text-editor\" data-id=\"27e7ed4\" data-element_type=\"widget\" data-e-type=\"widget\" data-widget_type=\"text-editor.default\">\n\t\t\t\t<div class=\"elementor-widget-container\">\n\t\t\t\t\t\t\t\t\t<p><b>Philippe Rotthier award - short list<\/b><\/p><p>\u00a0<\/p><p><strong>2011<\/strong><\/p>\t\t\t\t\t\t\t\t<\/div>\n\t\t\t\t<\/div>\n\t\t\t\t<div class=\"elementor-element elementor-element-3aab452 elementor-widget elementor-widget-heading\" data-id=\"3aab452\" data-element_type=\"widget\" data-e-type=\"widget\" data-widget_type=\"heading.default\">\n\t\t\t\t<div class=\"elementor-widget-container\">\n\t\t\t\t\t<h2 class=\"elementor-heading-title elementor-size-default\"><a href=\"https:\/\/kaava.hu\/en\/budapesti-piarista-kozpont\/\">PIARIST CENTRE BUDAPEST<\/a><\/h2>\t\t\t\t<\/div>\n\t\t\t\t<\/div>\n\t\t\t\t<div class=\"elementor-element elementor-element-36d1d01 elementor-widget elementor-widget-image\" data-id=\"36d1d01\" data-element_type=\"widget\" data-e-type=\"widget\" data-widget_type=\"image.default\">\n\t\t\t\t<div class=\"elementor-widget-container\">\n\t\t\t\t\t\t\t\t\t\t\t\t\t\t\t<img loading=\"lazy\" decoding=\"async\" width=\"1024\" height=\"448\" src=\"https:\/\/kaava.hu\/wp-content\/uploads\/2024\/05\/Kepernyofoto-2024-05-27-8.50.43-1024x448.png\" class=\"attachment-large size-large wp-image-2774\" alt=\"\" srcset=\"https:\/\/kaava.hu\/wp-content\/uploads\/2024\/05\/Kepernyofoto-2024-05-27-8.50.43-1024x448.png 1024w, https:\/\/kaava.hu\/wp-content\/uploads\/2024\/05\/Kepernyofoto-2024-05-27-8.50.43-300x131.png 300w, https:\/\/kaava.hu\/wp-content\/uploads\/2024\/05\/Kepernyofoto-2024-05-27-8.50.43-768x336.png 768w, https:\/\/kaava.hu\/wp-content\/uploads\/2024\/05\/Kepernyofoto-2024-05-27-8.50.43-1536x672.png 1536w, https:\/\/kaava.hu\/wp-content\/uploads\/2024\/05\/Kepernyofoto-2024-05-27-8.50.43-18x8.png 18w, https:\/\/kaava.hu\/wp-content\/uploads\/2024\/05\/Kepernyofoto-2024-05-27-8.50.43.png 1978w\" sizes=\"(max-width: 1024px) 100vw, 1024px\" \/>\t\t\t\t\t\t\t\t\t\t\t\t\t\t\t<\/div>\n\t\t\t\t<\/div>\n\t\t\t\t<div class=\"elementor-element elementor-element-64e111c elementor-widget elementor-widget-heading\" data-id=\"64e111c\" data-element_type=\"widget\" data-e-type=\"widget\" data-widget_type=\"heading.default\">\n\t\t\t\t<div class=\"elementor-widget-container\">\n\t\t\t\t\t<h2 class=\"elementor-heading-title elementor-size-default\">BIG SEE Architecture Award 2024 \u2013 Winner, Hungary, Public, cultural buildings and infrastructure buildings<\/h2>\t\t\t\t<\/div>\n\t\t\t\t<\/div>\n\t\t\t\t<div class=\"elementor-element elementor-element-c34b0b2 elementor-widget elementor-widget-heading\" data-id=\"c34b0b2\" data-element_type=\"widget\" data-e-type=\"widget\" data-widget_type=\"heading.default\">\n\t\t\t\t<div class=\"elementor-widget-container\">\n\t\t\t\t\t<h2 class=\"elementor-heading-title elementor-size-default\">2024<\/h2>\t\t\t\t<\/div>\n\t\t\t\t<\/div>\n\t\t\t\t<div class=\"elementor-element elementor-element-a2cc7fa elementor-widget elementor-widget-heading\" data-id=\"a2cc7fa\" data-element_type=\"widget\" data-e-type=\"widget\" data-widget_type=\"heading.default\">\n\t\t\t\t<div class=\"elementor-widget-container\">\n\t\t\t\t\t<h2 class=\"elementor-heading-title elementor-size-default\"><a href=\"https:\/\/bigsee.eu\/sea-eye-clinic\/\">TENGERSZEM CLINIC<\/a><\/h2>\t\t\t\t<\/div>\n\t\t\t\t<\/div>\n\t\t\t\t\t<\/div>\n\t\t<\/div>\n\t\t\t\t\t<\/div>\n\t\t<\/section>\n\t\t\t\t<\/div>","protected":false},"excerpt":{"rendered":"<p>\u00c9p\u00edt\u0151ipari N\u00edv\u00f3d\u00edj 2022 &#8211;\u00a0 Elismer\u0151 oklev\u00e9l \u00a0 2022 TENGERSZEM RENDEL\u0150 Wienerberger \u00c9p\u00edt\u00e9szeti N\u00edv\u00f3d\u00edj &#8211; Rekonstrukci\u00f3 kateg\u00f3ria 1.d\u00edj \u00a0 2020 SZENTENDREI FERENCES GIMN\u00c1ZIUM Budapesti \u00c9p\u00edt\u00e9szeti N\u00edv\u00f3d\u00edj Kiemelt d\u00edcs\u00e9ret \u00a0 2018 KEREPESI RENDEL\u0150 Budapesti \u00c9p\u00edt\u00e9szeti N\u00edv\u00f3d\u00edj Jel\u00f6lt \u00a0 2015 BUDAPESTI PIARISTA K\u00d6ZPONT \u00c9p\u00edt\u00f3ipari N\u00edv\u00f3d\u00edj \u00a0 2012 BUDAPESTI PIARISTA K\u00d6ZPONT \u00c9p\u00edt\u0151ipari N\u00edv\u00f3d\u00edj \u00a0 2019 KEREPESI RENDEL\u0150 I.d\u00edj &#8211; &#8230; <a title=\"Awards\" class=\"read-more\" href=\"https:\/\/kaava.hu\/en\/dijak\/\" aria-label=\"More on D\u00edjak\">Read more<\/a><\/p>","protected":false},"author":1,"featured_media":0,"parent":0,"menu_order":0,"comment_status":"closed","ping_status":"closed","template":"","meta":{"_seopress_robots_primary_cat":"","_seopress_titles_title":"D\u00edjak","_seopress_titles_desc":"Iroda \u00e1ltal tervezett \u00e9s megval\u00f3sult \u00e9p\u00edt\u00e9szeti munk\u00e1k, \u00e9p\u00fcletek ut\u00e1n j\u00e1r\u00f3 szakmai d\u00edjak, kit\u00fcntet\u00e9sek","_seopress_robots_index":"","footnotes":""},"class_list":["post-60","page","type-page","status-publish"],"_links":{"self":[{"href":"https:\/\/kaava.hu\/en\/wp-json\/wp\/v2\/pages\/60","targetHints":{"allow":["GET"]}}],"collection":[{"href":"https:\/\/kaava.hu\/en\/wp-json\/wp\/v2\/pages"}],"about":[{"href":"https:\/\/kaava.hu\/en\/wp-json\/wp\/v2\/types\/page"}],"author":[{"embeddable":true,"href":"https:\/\/kaava.hu\/en\/wp-json\/wp\/v2\/users\/1"}],"replies":[{"embeddable":true,"href":"https:\/\/kaava.hu\/en\/wp-json\/wp\/v2\/comments?post=60"}],"version-history":[{"count":169,"href":"https:\/\/kaava.hu\/en\/wp-json\/wp\/v2\/pages\/60\/revisions"}],"predecessor-version":[{"id":2792,"href":"https:\/\/kaava.hu\/en\/wp-json\/wp\/v2\/pages\/60\/revisions\/2792"}],"wp:attachment":[{"href":"https:\/\/kaava.hu\/en\/wp-json\/wp\/v2\/media?parent=60"}],"curies":[{"name":"wp","href":"https:\/\/api.w.org\/{rel}","templated":true}]}}