{"id":50,"date":"2022-02-11T14:27:47","date_gmt":"2022-02-11T14:27:47","guid":{"rendered":"https:\/\/kaava.hu\/?page_id=50"},"modified":"2022-03-12T21:57:11","modified_gmt":"2022-03-12T21:57:11","slug":"kapcsolat","status":"publish","type":"page","link":"https:\/\/kaava.hu\/en\/kapcsolat\/","title":{"rendered":"Contact"},"content":{"rendered":"<div data-elementor-type=\"wp-page\" data-elementor-id=\"50\" class=\"elementor elementor-50\" data-elementor-post-type=\"page\">\n\t\t\t\t\t\t<section class=\"elementor-section elementor-top-section elementor-element elementor-element-1dddcf5 elementor-section-boxed elementor-section-height-default elementor-section-height-default\" data-id=\"1dddcf5\" data-element_type=\"section\" data-e-type=\"section\">\n\t\t\t\t\t\t<div class=\"elementor-container elementor-column-gap-default\">\n\t\t\t\t\t<div class=\"elementor-column elementor-col-100 elementor-top-column elementor-element elementor-element-4bc5c4e\" data-id=\"4bc5c4e\" data-element_type=\"column\" data-e-type=\"column\">\n\t\t\t<div class=\"elementor-widget-wrap elementor-element-populated\">\n\t\t\t\t\t\t<div class=\"elementor-element elementor-element-2814fac elementor-widget elementor-widget-spacer\" data-id=\"2814fac\" data-element_type=\"widget\" data-e-type=\"widget\" data-widget_type=\"spacer.default\">\n\t\t\t\t<div class=\"elementor-widget-container\">\n\t\t\t\t\t\t\t<div class=\"elementor-spacer\">\n\t\t\t<div class=\"elementor-spacer-inner\"><\/div>\n\t\t<\/div>\n\t\t\t\t\t\t<\/div>\n\t\t\t\t<\/div>\n\t\t\t\t\t<\/div>\n\t\t<\/div>\n\t\t\t\t\t<\/div>\n\t\t<\/section>\n\t\t\t\t<section class=\"elementor-section elementor-top-section elementor-element elementor-element-e74d436 elementor-section-boxed elementor-section-height-default elementor-section-height-default\" data-id=\"e74d436\" data-element_type=\"section\" data-e-type=\"section\">\n\t\t\t\t\t\t<div class=\"elementor-container elementor-column-gap-default\">\n\t\t\t\t\t<div class=\"elementor-column elementor-col-100 elementor-top-column elementor-element elementor-element-d4d6755\" data-id=\"d4d6755\" data-element_type=\"column\" data-e-type=\"column\">\n\t\t\t<div class=\"elementor-widget-wrap elementor-element-populated\">\n\t\t\t\t\t\t<div class=\"elementor-element elementor-element-b825259 elementor-widget elementor-widget-text-editor\" data-id=\"b825259\" data-element_type=\"widget\" data-e-type=\"widget\" data-widget_type=\"text-editor.default\">\n\t\t\t\t<div class=\"elementor-widget-container\">\n\t\t\t\t\t\t\t\t\t<p>K\u00e1va \u00c9p\u00edt\u0151, V\u00e1llalkoz\u00f3 \u00e9s Szolg\u00e1ltat\u00f3 Ltd.<\/p><p>tax number: 10358380-2-42<\/p><p>mobile: +36 30 2 215 205<\/p><p>e-mail: \u00a0<a href=\"mailto:kaava@kaava.hu\">kaava@kaava.hu<\/a><\/p>\t\t\t\t\t\t\t\t<\/div>\n\t\t\t\t<\/div>\n\t\t\t\t\t<\/div>\n\t\t<\/div>\n\t\t\t\t\t<\/div>\n\t\t<\/section>\n\t\t\t\t<section class=\"elementor-section elementor-top-section elementor-element elementor-element-215e9e8 elementor-section-boxed elementor-section-height-default elementor-section-height-default\" data-id=\"215e9e8\" data-element_type=\"section\" data-e-type=\"section\">\n\t\t\t\t\t\t<div class=\"elementor-container elementor-column-gap-default\">\n\t\t\t\t\t<div class=\"elementor-column elementor-col-100 elementor-top-column elementor-element elementor-element-1706009\" data-id=\"1706009\" data-element_type=\"column\" data-e-type=\"column\">\n\t\t\t<div class=\"elementor-widget-wrap elementor-element-populated\">\n\t\t\t\t\t\t<div class=\"elementor-element elementor-element-38c73b9 elementor-widget elementor-widget-spacer\" data-id=\"38c73b9\" data-element_type=\"widget\" data-e-type=\"widget\" data-widget_type=\"spacer.default\">\n\t\t\t\t<div class=\"elementor-widget-container\">\n\t\t\t\t\t\t\t<div class=\"elementor-spacer\">\n\t\t\t<div class=\"elementor-spacer-inner\"><\/div>\n\t\t<\/div>\n\t\t\t\t\t\t<\/div>\n\t\t\t\t<\/div>\n\t\t\t\t\t<\/div>\n\t\t<\/div>\n\t\t\t\t\t<\/div>\n\t\t<\/section>\n\t\t\t\t<\/div>","protected":false},"excerpt":{"rendered":"<p>K\u00e1va \u00c9p\u00edt\u0151, V\u00e1llalkoz\u00f3 \u00e9s Szolg\u00e1ltat\u00f3 Kft. ad\u00f3sz\u00e1m: 10358380-2-42 mobil: \u00a0+36 30 2 215 205 e-mail: \u00a0kaava@kaava.hu<\/p>","protected":false},"author":1,"featured_media":0,"parent":0,"menu_order":0,"comment_status":"closed","ping_status":"closed","template":"","meta":{"_seopress_robots_primary_cat":"","_seopress_titles_title":"Kapcsolat","_seopress_titles_desc":"\u00cdrjon, ha kapcsolatba akar l\u00e9pni vel\u00fcnk.","_seopress_robots_index":"","footnotes":""},"class_list":["post-50","page","type-page","status-publish"],"_links":{"self":[{"href":"https:\/\/kaava.hu\/en\/wp-json\/wp\/v2\/pages\/50","targetHints":{"allow":["GET"]}}],"collection":[{"href":"https:\/\/kaava.hu\/en\/wp-json\/wp\/v2\/pages"}],"about":[{"href":"https:\/\/kaava.hu\/en\/wp-json\/wp\/v2\/types\/page"}],"author":[{"embeddable":true,"href":"https:\/\/kaava.hu\/en\/wp-json\/wp\/v2\/users\/1"}],"replies":[{"embeddable":true,"href":"https:\/\/kaava.hu\/en\/wp-json\/wp\/v2\/comments?post=50"}],"version-history":[{"count":22,"href":"https:\/\/kaava.hu\/en\/wp-json\/wp\/v2\/pages\/50\/revisions"}],"predecessor-version":[{"id":1888,"href":"https:\/\/kaava.hu\/en\/wp-json\/wp\/v2\/pages\/50\/revisions\/1888"}],"wp:attachment":[{"href":"https:\/\/kaava.hu\/en\/wp-json\/wp\/v2\/media?parent=50"}],"curies":[{"name":"wp","href":"https:\/\/api.w.org\/{rel}","templated":true}]}}