{"id":47,"date":"2022-02-11T14:22:00","date_gmt":"2022-02-11T14:22:00","guid":{"rendered":"https:\/\/kaava.hu\/?page_id=47"},"modified":"2024-10-28T18:55:17","modified_gmt":"2024-10-28T18:55:17","slug":"kava","status":"publish","type":"page","link":"https:\/\/kaava.hu\/en\/","title":{"rendered":"K\u00c1VA"},"content":{"rendered":"<div data-elementor-type=\"wp-page\" data-elementor-id=\"47\" class=\"elementor elementor-47\" data-elementor-post-type=\"page\">\n\t\t\t\t\t\t<section class=\"elementor-section elementor-top-section elementor-element elementor-element-f3bda66 elementor-section-boxed elementor-section-height-default elementor-section-height-default\" data-id=\"f3bda66\" data-element_type=\"section\" data-e-type=\"section\">\n\t\t\t\t\t\t<div class=\"elementor-container elementor-column-gap-default\">\n\t\t\t\t\t<div class=\"elementor-column elementor-col-100 elementor-top-column elementor-element elementor-element-5ba34e9\" data-id=\"5ba34e9\" data-element_type=\"column\" data-e-type=\"column\">\n\t\t\t<div class=\"elementor-widget-wrap elementor-element-populated\">\n\t\t\t\t\t\t<div class=\"elementor-element elementor-element-4e88198 elementor--h-position-center elementor--v-position-middle elementor-widget elementor-widget-slides\" data-id=\"4e88198\" data-element_type=\"widget\" data-e-type=\"widget\" data-settings=\"{&quot;navigation&quot;:&quot;none&quot;,&quot;autoplay&quot;:&quot;yes&quot;,&quot;pause_on_hover&quot;:&quot;yes&quot;,&quot;pause_on_interaction&quot;:&quot;yes&quot;,&quot;autoplay_speed&quot;:5000,&quot;infinite&quot;:&quot;yes&quot;,&quot;transition&quot;:&quot;slide&quot;,&quot;transition_speed&quot;:500}\" data-widget_type=\"slides.default\">\n\t\t\t\t<div class=\"elementor-widget-container\">\n\t\t\t\t\t\t\t\t\t<div class=\"elementor-swiper\">\n\t\t\t\t\t<div class=\"elementor-slides-wrapper elementor-main-swiper swiper\" role=\"region\" aria-roledescription=\"carousel\" aria-label=\"Di\u00e1k\" dir=\"ltr\" data-animation=\"\">\n\t\t\t\t<div class=\"swiper-wrapper elementor-slides\">\n\t\t\t\t\t\t\t\t\t\t<div class=\"elementor-repeater-item-09d0646 swiper-slide\" role=\"group\" aria-roledescription=\"slide\"><div class=\"swiper-slide-bg\" role=\"img\" aria-label=\"bp_piarista_34\"><\/div><a class=\"swiper-slide-inner\" href=\"https:\/\/kaava.hu\/en\/budapesti-piarista-kozpont\/\"><div class=\"swiper-slide-contents\"><\/div><\/a><\/div><div class=\"elementor-repeater-item-f322596 swiper-slide\" role=\"group\" aria-roledescription=\"slide\"><div class=\"swiper-slide-bg\" role=\"img\" aria-label=\"kerepesi_rendelo_16\"><\/div><a class=\"swiper-slide-inner\" href=\"https:\/\/kaava.hu\/en\/kerepesi-rendelo\/\"><div class=\"swiper-slide-contents\"><\/div><\/a><\/div><div class=\"elementor-repeater-item-e88403f swiper-slide\" role=\"group\" aria-roledescription=\"slide\"><div class=\"swiper-slide-bg\" role=\"img\" aria-label=\"tengerszem_rendelo_15\"><\/div><a class=\"swiper-slide-inner\" href=\"https:\/\/kaava.hu\/en\/tengerszem-rendelo\/\"><div class=\"swiper-slide-contents\"><\/div><\/a><\/div><div class=\"elementor-repeater-item-1a61ea7 swiper-slide\" role=\"group\" aria-roledescription=\"slide\"><div class=\"swiper-slide-bg\" role=\"img\" aria-label=\"pongrac_rendelo_01\"><\/div><a class=\"swiper-slide-inner\" href=\"https:\/\/kaava.hu\/en\/pongrac-rendelo\/\"><div class=\"swiper-slide-contents\"><\/div><\/a><\/div><div class=\"elementor-repeater-item-0efe855 swiper-slide\" role=\"group\" aria-roledescription=\"slide\"><div class=\"swiper-slide-bg\" role=\"img\" aria-label=\"kecskem\u00e9ti piar 05 AF\"><\/div><a class=\"swiper-slide-inner\" href=\"https:\/\/kaava.hu\/en\/kecskemeti-piarista-gimnazium\/\"><div class=\"swiper-slide-contents\"><\/div><\/a><\/div><div class=\"elementor-repeater-item-6b4bc2a swiper-slide\" role=\"group\" aria-roledescription=\"slide\"><div class=\"swiper-slide-bg\" role=\"img\" aria-label=\"bp_piarista_32\"><\/div><a class=\"swiper-slide-inner\" href=\"https:\/\/kaava.hu\/en\/budapesti-piarista-kozpont\/\"><div class=\"swiper-slide-contents\"><\/div><\/a><\/div><div class=\"elementor-repeater-item-283046d swiper-slide\" role=\"group\" aria-roledescription=\"slide\"><div class=\"swiper-slide-bg\" role=\"img\" aria-label=\"kecskem\u00e9ti piar 09 AF\"><\/div><a class=\"swiper-slide-inner\" href=\"https:\/\/kaava.hu\/en\/kecskemeti-piarista-gimnazium\/\"><div class=\"swiper-slide-contents\"><\/div><\/a><\/div><div class=\"elementor-repeater-item-b8ce9dc swiper-slide\" role=\"group\" aria-roledescription=\"slide\"><div class=\"swiper-slide-bg\" role=\"img\" aria-label=\"iparmuveszeti_muzeum_01\"><\/div><a class=\"swiper-slide-inner\" href=\"https:\/\/kaava.hu\/en\/iparmuveszeti-muzeum\/\"><div class=\"swiper-slide-contents\"><\/div><\/a><\/div><div class=\"elementor-repeater-item-90089bf swiper-slide\" role=\"group\" aria-roledescription=\"slide\"><div class=\"swiper-slide-bg\" role=\"img\" aria-label=\"tengerszem_rendelo_09\"><\/div><a class=\"swiper-slide-inner\" href=\"https:\/\/kaava.hu\/en\/tengerszem-rendelo\/\"><div class=\"swiper-slide-contents\"><\/div><\/a><\/div><div class=\"elementor-repeater-item-ce11e7d swiper-slide\" role=\"group\" aria-roledescription=\"slide\"><div class=\"swiper-slide-bg\" role=\"img\" aria-label=\"debereceni_egyetem_01\"><\/div><a class=\"swiper-slide-inner\" href=\"https:\/\/kaava.hu\/en\/elettudomanyi-kozpont-es-konyvtar\/\"><div class=\"swiper-slide-contents\"><\/div><\/a><\/div>\t\t\t\t<\/div>\n\t\t\t\t\t\t\t\t\t\t\t\t\t\t\t\t\t\t\t\t\t<\/div>\n\t\t\t\t<\/div>\n\t\t\t\t\t\t\t\t<\/div>\n\t\t\t\t<\/div>\n\t\t\t\t\t<\/div>\n\t\t<\/div>\n\t\t\t\t\t<\/div>\n\t\t<\/section>\n\t\t\t\t<\/div>","protected":false},"excerpt":{"rendered":"","protected":false},"author":1,"featured_media":0,"parent":0,"menu_order":0,"comment_status":"closed","ping_status":"closed","template":"","meta":{"_seopress_robots_primary_cat":"","_seopress_titles_title":"K\u00c1VA \u00e9p\u00edt\u00e9szet \/ tervez\u00e9s \/ design","_seopress_titles_desc":"Magyarorsz\u00e1gon m\u0171k\u00f6d\u0151 \u00e9p\u00edt\u00e9szeti, bels\u0151\u00e9p\u00edt\u00e9szeti tervez\u00e9ssel, tervellen\u0151rz\u00e9ssel, tan\u00e1csad\u00e1ssal foglalkoz\u00f3 iroda","_seopress_robots_index":"","footnotes":""},"class_list":["post-47","page","type-page","status-publish"],"_links":{"self":[{"href":"https:\/\/kaava.hu\/en\/wp-json\/wp\/v2\/pages\/47","targetHints":{"allow":["GET"]}}],"collection":[{"href":"https:\/\/kaava.hu\/en\/wp-json\/wp\/v2\/pages"}],"about":[{"href":"https:\/\/kaava.hu\/en\/wp-json\/wp\/v2\/types\/page"}],"author":[{"embeddable":true,"href":"https:\/\/kaava.hu\/en\/wp-json\/wp\/v2\/users\/1"}],"replies":[{"embeddable":true,"href":"https:\/\/kaava.hu\/en\/wp-json\/wp\/v2\/comments?post=47"}],"version-history":[{"count":65,"href":"https:\/\/kaava.hu\/en\/wp-json\/wp\/v2\/pages\/47\/revisions"}],"predecessor-version":[{"id":2809,"href":"https:\/\/kaava.hu\/en\/wp-json\/wp\/v2\/pages\/47\/revisions\/2809"}],"wp:attachment":[{"href":"https:\/\/kaava.hu\/en\/wp-json\/wp\/v2\/media?parent=47"}],"curies":[{"name":"wp","href":"https:\/\/api.w.org\/{rel}","templated":true}]}}