{"id":1807,"date":"2022-03-11T10:07:42","date_gmt":"2022-03-11T10:07:42","guid":{"rendered":"https:\/\/kaava.hu\/?page_id=1807"},"modified":"2022-05-01T16:00:59","modified_gmt":"2022-05-01T16:00:59","slug":"szolgaltatasok","status":"publish","type":"page","link":"https:\/\/kaava.hu\/en\/szolgaltatasok\/","title":{"rendered":"Services"},"content":{"rendered":"<div data-elementor-type=\"wp-page\" data-elementor-id=\"1807\" class=\"elementor elementor-1807\" data-elementor-post-type=\"page\">\n\t\t\t\t\t\t<section class=\"elementor-section elementor-top-section elementor-element elementor-element-76f82ff elementor-section-boxed elementor-section-height-default elementor-section-height-default\" data-id=\"76f82ff\" data-element_type=\"section\" data-e-type=\"section\">\n\t\t\t\t\t\t<div class=\"elementor-container elementor-column-gap-default\">\n\t\t\t\t\t<div class=\"elementor-column elementor-col-66 elementor-top-column elementor-element elementor-element-057a56a\" data-id=\"057a56a\" data-element_type=\"column\" data-e-type=\"column\">\n\t\t\t<div class=\"elementor-widget-wrap elementor-element-populated\">\n\t\t\t\t\t\t<div class=\"elementor-element elementor-element-8c6f1c4 elementor-widget elementor-widget-image\" data-id=\"8c6f1c4\" data-element_type=\"widget\" data-e-type=\"widget\" data-widget_type=\"image.default\">\n\t\t\t\t<div class=\"elementor-widget-container\">\n\t\t\t\t\t\t\t\t\t\t\t\t\t\t\t<img fetchpriority=\"high\" decoding=\"async\" width=\"1024\" height=\"549\" src=\"https:\/\/kaava.hu\/wp-content\/uploads\/2022\/02\/belso_01_bp_piarista_foto_kovacs_zoltan-1024x549.jpg\" class=\"attachment-large size-large wp-image-85\" alt=\"\" srcset=\"https:\/\/kaava.hu\/wp-content\/uploads\/2022\/02\/belso_01_bp_piarista_foto_kovacs_zoltan-1024x549.jpg 1024w, https:\/\/kaava.hu\/wp-content\/uploads\/2022\/02\/belso_01_bp_piarista_foto_kovacs_zoltan-300x161.jpg 300w, https:\/\/kaava.hu\/wp-content\/uploads\/2022\/02\/belso_01_bp_piarista_foto_kovacs_zoltan-768x412.jpg 768w, https:\/\/kaava.hu\/wp-content\/uploads\/2022\/02\/belso_01_bp_piarista_foto_kovacs_zoltan-1536x824.jpg 1536w\" sizes=\"(max-width: 1024px) 100vw, 1024px\" \/>\t\t\t\t\t\t\t\t\t\t\t\t\t\t\t<\/div>\n\t\t\t\t<\/div>\n\t\t\t\t<div class=\"elementor-element elementor-element-3ceb9ae elementor-widget elementor-widget-spacer\" data-id=\"3ceb9ae\" data-element_type=\"widget\" data-e-type=\"widget\" data-widget_type=\"spacer.default\">\n\t\t\t\t<div class=\"elementor-widget-container\">\n\t\t\t\t\t\t\t<div class=\"elementor-spacer\">\n\t\t\t<div class=\"elementor-spacer-inner\"><\/div>\n\t\t<\/div>\n\t\t\t\t\t\t<\/div>\n\t\t\t\t<\/div>\n\t\t\t\t<section class=\"elementor-section elementor-inner-section elementor-element elementor-element-4aff647 elementor-section-boxed elementor-section-height-default elementor-section-height-default\" data-id=\"4aff647\" data-element_type=\"section\" data-e-type=\"section\">\n\t\t\t\t\t\t<div class=\"elementor-container elementor-column-gap-default\">\n\t\t\t\t\t<div class=\"elementor-column elementor-col-100 elementor-inner-column elementor-element elementor-element-7c8c411\" data-id=\"7c8c411\" data-element_type=\"column\" data-e-type=\"column\">\n\t\t\t<div class=\"elementor-widget-wrap elementor-element-populated\">\n\t\t\t\t\t\t<div class=\"elementor-element elementor-element-6b7d2b2 e-transform e-transform elementor-widget elementor-widget-text-editor\" data-id=\"6b7d2b2\" data-element_type=\"widget\" data-e-type=\"widget\" data-settings=\"{&quot;_transform_translateX_effect&quot;:{&quot;unit&quot;:&quot;px&quot;,&quot;size&quot;:-9,&quot;sizes&quot;:[]},&quot;_transform_translateX_effect_tablet&quot;:{&quot;unit&quot;:&quot;px&quot;,&quot;size&quot;:&quot;&quot;,&quot;sizes&quot;:[]},&quot;_transform_translateX_effect_mobile&quot;:{&quot;unit&quot;:&quot;px&quot;,&quot;size&quot;:&quot;&quot;,&quot;sizes&quot;:[]},&quot;_transform_translateY_effect&quot;:{&quot;unit&quot;:&quot;px&quot;,&quot;size&quot;:&quot;&quot;,&quot;sizes&quot;:[]},&quot;_transform_translateY_effect_tablet&quot;:{&quot;unit&quot;:&quot;px&quot;,&quot;size&quot;:&quot;&quot;,&quot;sizes&quot;:[]},&quot;_transform_translateY_effect_mobile&quot;:{&quot;unit&quot;:&quot;px&quot;,&quot;size&quot;:&quot;&quot;,&quot;sizes&quot;:[]},&quot;_transform_scale_effect&quot;:{&quot;unit&quot;:&quot;px&quot;,&quot;size&quot;:&quot;&quot;,&quot;sizes&quot;:[]},&quot;_transform_scale_effect_tablet&quot;:{&quot;unit&quot;:&quot;px&quot;,&quot;size&quot;:&quot;&quot;,&quot;sizes&quot;:[]},&quot;_transform_scale_effect_mobile&quot;:{&quot;unit&quot;:&quot;px&quot;,&quot;size&quot;:&quot;&quot;,&quot;sizes&quot;:[]}}\" data-widget_type=\"text-editor.default\">\n\t\t\t\t<div class=\"elementor-widget-container\">\n\t\t\t\t\t\t\t\t\t<p>The creation of a building is a team effort, in which all parties involved work together. Architecture is a combination of art and professional knowledge. The aim is always to create a clean, timeless design, with the right technical content, and with care for good usability.<\/p><p>Over the last 20 years, major projects have been born out of the reinterpretation of existing buildings. We believe it is important to preserve our existing architectural assets wherever possible and to renew them in a sustainable way. Value can be found any buildings (whetever new or used), we just need to see the potential in them.<\/p><p>New buildings designed with moderate approach demonstrate high quality. In a world of increasing consumption, it is expected to apply circular economy. Nature and the built environment form a symbiosis, and we must make efforts to maintain this balance.<\/p><p>From the beginning of the design process to the completion of construction, we follow the project throughout the process: manage approvals with the authorities, participate in planning and maintaining the optimal budget. Already in the design phase we coordinate with the various disciplines thus minimizing the problems during construction.\u00a0\u00a0<\/p><p>Design \/ Project coordination \/ Design review \/ Design technical management \/ Technical consultancy<\/p>\t\t\t\t\t\t\t\t<\/div>\n\t\t\t\t<\/div>\n\t\t\t\t\t<\/div>\n\t\t<\/div>\n\t\t\t\t\t<\/div>\n\t\t<\/section>\n\t\t\t\t\t<\/div>\n\t\t<\/div>\n\t\t\t\t<div class=\"elementor-column elementor-col-33 elementor-top-column elementor-element elementor-element-d7800f9\" data-id=\"d7800f9\" data-element_type=\"column\" data-e-type=\"column\">\n\t\t\t<div class=\"elementor-widget-wrap elementor-element-populated\">\n\t\t\t\t\t\t<div class=\"elementor-element elementor-element-91436f3 elementor-widget elementor-widget-text-editor\" data-id=\"91436f3\" data-element_type=\"widget\" data-e-type=\"widget\" data-widget_type=\"text-editor.default\">\n\t\t\t\t<div class=\"elementor-widget-container\">\n\t\t\t\t\t\t\t\t\t<p><strong>Partners<\/strong><\/p><p>\u00a0<\/p><p><strong>Architecture<\/strong><\/p><p>M-Teampannon Ltd.<\/p><p>kollekt\u00edv m\u0171terem Ltd.<\/p><p>Studio Stisze Bt.<\/p><p>CUBO \u00c9p\u00edt\u00e9szcsoport Ltd.<\/p><p>\u00a0<\/p><p><strong>Landscape architecture<\/strong><\/p><p>Objekt T\u00e1j\u00e9p\u00edt\u00e9sz Iroda Ltd.<\/p><p>V\u00e1ros-Teampannon Ltd.<\/p><p>\u00a0<\/p><p><strong>Statics<\/strong><\/p><p>Kenese M\u00e9rn\u00f6ki Iroda Ltd.<\/p><p>\u00a0<\/p><p><strong>Building services eng.<\/strong><\/p><p>Komfort Design Ltd.<\/p><p>\u00a0<\/p><p><strong>Building electricity<\/strong><\/p><p>Major Projekt Ltd.<\/p><p>\u00a0<\/p><p><strong>Fire protection<\/strong><\/p><p>Fire Break Ltd.<\/p><p>\u00a0<\/p><p><strong>Building structures<\/strong><\/p><p>H-design Ltd.<\/p><p>\u00a0<\/p><p><strong>Acoustics<\/strong><\/p><p>Aqrate Akusztika Ltd.<\/p><p>\u00a0<\/p><p><strong>Kitchen technology<\/strong><\/p><p>Gauland Bt.<\/p><p>\u00a0<\/p><p><strong>Public utilities<\/strong><\/p><p>Pest-terv Ltd.<\/p><p>\u00a0<\/p><p><strong>Public lighting<\/strong><\/p><p>Tetra-Com Ltd.<\/p><p>\u00a0<\/p><p><strong>Medical gas system<\/strong><\/p><p>Juh\u00e1sz \u00e9s Nagy Ltd.<\/p><p>\u00a0<\/p><p><strong>Land surveying<\/strong><\/p><p>Geo-Micro Bt.<\/p>\t\t\t\t\t\t\t\t<\/div>\n\t\t\t\t<\/div>\n\t\t\t\t\t<\/div>\n\t\t<\/div>\n\t\t\t\t\t<\/div>\n\t\t<\/section>\n\t\t\t\t<\/div>","protected":false},"excerpt":{"rendered":"<p>Egy \u00e9p\u00fclet l\u00e9trej\u00f6tte csapatmunka, melyben a r\u00e9sztvev\u0151 felek k\u00f6z\u00f6sen alkotnak. Az \u00e9p\u00edt\u00e9szet m\u0171v\u00e9szet \u00e9s szakmai tud\u00e1s \u00f6tv\u00f6zete. A c\u00e9l mindig a letisztult, id\u0151t\u00e1ll\u00f3 formavil\u00e1g megalkot\u00e1sa, megfelel\u0151 m\u0171szaki tartalommal, gondosan \u00fcgyelve a j\u00f3 haszn\u00e1lhat\u00f3s\u00e1gra. Az elm\u00falt 20 \u00e9v sor\u00e1n a jelent\u0151sebb projektek megl\u00e9v\u0151 \u00e9p\u00fcletek \u00fajra\u00e9rtelmez\u00e9sek\u00e9nt sz\u00fclettek \u00fajj\u00e1. Fontosnak tartjuk, hogy megl\u00e9v\u0151 \u00e9p\u00edt\u00e9szeti \u00e9rt\u00e9keinket lehet\u0151s\u00e9g szerint meg\u0151rizz\u00fck &#8230; <a title=\"Services\" class=\"read-more\" href=\"https:\/\/kaava.hu\/en\/szolgaltatasok\/\" aria-label=\"More on Szolg\u00e1ltat\u00e1sok\">Read more<\/a><\/p>","protected":false},"author":1,"featured_media":0,"parent":0,"menu_order":0,"comment_status":"closed","ping_status":"closed","template":"elementor_header_footer","meta":{"_seopress_robots_primary_cat":"","_seopress_titles_title":"Szolg\u00e1ltat\u00e1sok","_seopress_titles_desc":"\u00c9p\u00edt\u00e9szeti-m\u0171szaki tervez\u00e9s, tervez\u0151i m\u0171vezet\u00e9s, tervellen\u0151rz\u00e9s","_seopress_robots_index":"","footnotes":""},"class_list":["post-1807","page","type-page","status-publish"],"_links":{"self":[{"href":"https:\/\/kaava.hu\/en\/wp-json\/wp\/v2\/pages\/1807","targetHints":{"allow":["GET"]}}],"collection":[{"href":"https:\/\/kaava.hu\/en\/wp-json\/wp\/v2\/pages"}],"about":[{"href":"https:\/\/kaava.hu\/en\/wp-json\/wp\/v2\/types\/page"}],"author":[{"embeddable":true,"href":"https:\/\/kaava.hu\/en\/wp-json\/wp\/v2\/users\/1"}],"replies":[{"embeddable":true,"href":"https:\/\/kaava.hu\/en\/wp-json\/wp\/v2\/comments?post=1807"}],"version-history":[{"count":47,"href":"https:\/\/kaava.hu\/en\/wp-json\/wp\/v2\/pages\/1807\/revisions"}],"predecessor-version":[{"id":2593,"href":"https:\/\/kaava.hu\/en\/wp-json\/wp\/v2\/pages\/1807\/revisions\/2593"}],"wp:attachment":[{"href":"https:\/\/kaava.hu\/en\/wp-json\/wp\/v2\/media?parent=1807"}],"curies":[{"name":"wp","href":"https:\/\/api.w.org\/{rel}","templated":true}]}}